{"id":402,"date":"2024-03-11T15:39:55","date_gmt":"2024-03-11T15:39:55","guid":{"rendered":"https:\/\/kayser-cs.lu\/?page_id=402"},"modified":"2025-05-26T21:18:24","modified_gmt":"2025-05-26T21:18:24","slug":"impressum","status":"publish","type":"page","link":"https:\/\/kayser-cs.lu\/de\/impressum\/","title":{"rendered":"Impressum"},"content":{"rendered":"<p>[et_pb_section fb_built=\u00a0\u00bb1&Prime; _builder_version=\u00a0\u00bb4.24.2&Prime; _module_preset=\u00a0\u00bbdefault\u00a0\u00bb global_colors_info=\u00a0\u00bb{}\u00a0\u00bb][et_pb_row _builder_version=\u00a0\u00bb4.24.2&Prime; _module_preset=\u00a0\u00bbdefault\u00a0\u00bb global_colors_info=\u00a0\u00bb{}\u00a0\u00bb][et_pb_column type=\u00a0\u00bb4_4&Prime; _builder_version=\u00a0\u00bb4.24.2&Prime; _module_preset=\u00a0\u00bbdefault\u00a0\u00bb global_colors_info=\u00a0\u00bb{}\u00a0\u00bb][et_pb_text _builder_version=\u00a0\u00bb4.27.4&Prime; _module_preset=\u00a0\u00bbdefault\u00a0\u00bb hover_enabled=\u00a0\u00bb0&Prime; global_colors_info=\u00a0\u00bb{}\u00a0\u00bb sticky_enabled=\u00a0\u00bb0&Prime;]<\/p>\n<p><span><b>Imprint<\/b><\/span><\/p>\n<p><span><b><\/b><\/span><\/p>\n<p>KAYSER CS S.\u00e0 r.l.<br \/><span>32 rue\u00a0Andr\u00e9 Duchscher<\/span><br \/><span>L- 6434 Echternach<\/span><br \/><span>Luxembourg<\/span><br \/>Num\u00e9ro d&rsquo;immatriculation : B257398<br \/>TVA : LU33250602<br \/>Autorisation d&rsquo;\u00e9tablissement : N\u00b0 10131479 \/ 0<br \/>&#8212;&#8212;&#8212;&#8212;&#8212;&#8212;&#8212;&#8211;<\/p>\n<p>Administrateur(s) \/ G\u00e9rant(s):<\/p>\n<p>YAGBASAN Kayseddin<span><b><\/b><\/span><\/p>\n<p><span><b><\/b><\/span><\/p>\n<p><span><b>\u00c9diteur et <\/b><\/span><span><b>D\u00e9veloppement<\/b><b> \u00a0<\/b><\/span><span><b>du Site :<\/b><\/span><\/p>\n<p>L&rsquo;UNA STUDIOS LTDA<br \/>Adress : Rua F Qd808 Lt13 Nr161<br \/>Setor El\u00edsio Campos<br \/>74633270 Goi\u00e2nia<br \/>CNPJ: 44.160.583\/0001-93<br \/>Regime tribut\u00e1rio: Simples<br \/>Inscri\u00e7\u00e3o Municipal: 5548802<\/p>\n<p>Responsable \u00e9ditorial :<span>\u00a0<\/span>Adriel Trombin<\/p>\n<p>T\u00e9l\u00e9phone : +55 62981502424<\/p>\n<p>Email : contact@lunaxstudios.com<\/p>\n<p>Site Web :<span> www.lunaxstudios.com<\/span><\/p>\n<p><b><span>H\u00e9bergement :<\/span><\/b><\/p>\n<p>H\u00e9bergeur : Hostinger<span><\/span><\/p>\n<p>[\/et_pb_text][\/et_pb_column][\/et_pb_row][\/et_pb_section]<\/p>\n","protected":false},"excerpt":{"rendered":"<p>Imprint KAYSER CS S.\u00e0 r.l.32 rue\u00a0Andr\u00e9 DuchscherL- 6434 EchternachLuxembourgNum\u00e9ro d&rsquo;immatriculation : B257398TVA : LU33250602Autorisation d&rsquo;\u00e9tablissement : N\u00b0 10131479 \/ 0&#8212;&#8212;&#8212;&#8212;&#8212;&#8212;&#8212;&#8211; Administrateur(s) \/ G\u00e9rant(s): YAGBASAN Kayseddin \u00c9diteur et D\u00e9veloppement \u00a0du Site : L&rsquo;UNA STUDIOS LTDAAdress : Rua F Qd808 Lt13 Nr161Setor El\u00edsio Campos74633270 Goi\u00e2niaCNPJ: 44.160.583\/0001-93Regime tribut\u00e1rio: SimplesInscri\u00e7\u00e3o Municipal: 5548802 Responsable \u00e9ditorial :\u00a0Adriel Trombin T\u00e9l\u00e9phone : +55 [&hellip;]<\/p>\n","protected":false},"author":2,"featured_media":0,"parent":0,"menu_order":0,"comment_status":"closed","ping_status":"closed","template":"","meta":{"_et_pb_use_builder":"on","_et_pb_old_content":"","_et_gb_content_width":"","footnotes":""},"class_list":["post-402","page","type-page","status-publish","hentry"],"_links":{"self":[{"href":"https:\/\/kayser-cs.lu\/de\/wp-json\/wp\/v2\/pages\/402","targetHints":{"allow":["GET"]}}],"collection":[{"href":"https:\/\/kayser-cs.lu\/de\/wp-json\/wp\/v2\/pages"}],"about":[{"href":"https:\/\/kayser-cs.lu\/de\/wp-json\/wp\/v2\/types\/page"}],"author":[{"embeddable":true,"href":"https:\/\/kayser-cs.lu\/de\/wp-json\/wp\/v2\/users\/2"}],"replies":[{"embeddable":true,"href":"https:\/\/kayser-cs.lu\/de\/wp-json\/wp\/v2\/comments?post=402"}],"version-history":[{"count":4,"href":"https:\/\/kayser-cs.lu\/de\/wp-json\/wp\/v2\/pages\/402\/revisions"}],"predecessor-version":[{"id":672,"href":"https:\/\/kayser-cs.lu\/de\/wp-json\/wp\/v2\/pages\/402\/revisions\/672"}],"wp:attachment":[{"href":"https:\/\/kayser-cs.lu\/de\/wp-json\/wp\/v2\/media?parent=402"}],"curies":[{"name":"wp","href":"https:\/\/api.w.org\/{rel}","templated":true}]}}